{"id":40629,"date":"2015-04-20T13:10:02","date_gmt":"2015-04-20T13:10:02","guid":{"rendered":"https:\/\/www.moulincozanne.com\/?page_id=40629"},"modified":"2025-09-06T05:06:24","modified_gmt":"2025-09-06T05:06:24","slug":"blog-list","status":"publish","type":"page","link":"https:\/\/www.moulincozanne.com\/fr\/blog-list\/","title":{"rendered":"Blog"},"content":{"rendered":"<ul class=\"wp-block-categories-list wp-block-categories\">\t<li class=\"cat-item cat-item-199\"><a href=\"https:\/\/www.moulincozanne.com\/fr\/category\/activites-de-plein-air\/\">Activit\u00e9s de plein air<\/a>\n<\/li>\n\t<li class=\"cat-item cat-item-201\"><a href=\"https:\/\/www.moulincozanne.com\/fr\/category\/activites-de-plein-air-fr\/\">Activit\u00e9s de plein air<\/a>\n<\/li>\n\t<li class=\"cat-item cat-item-191\"><a href=\"https:\/\/www.moulincozanne.com\/fr\/category\/bourgogne\/\">Bourgogne<\/a>\n<\/li>\n\t<li class=\"cat-item cat-item-192\"><a href=\"https:\/\/www.moulincozanne.com\/fr\/category\/patrimoine\/\">Patrimoine<\/a>\n<\/li>\n<\/ul>\n\n<ul class=\"wp-block-latest-posts__list wp-block-latest-posts\"><li><a class=\"wp-block-latest-posts__post-title\" href=\"https:\/\/www.moulincozanne.com\/fr\/randonnee-de-santenay-a-st-aubin-un-voyage-au-coeur-de-la-bourgogne\/\">Randonn\u00e9e de Santenay \u00e0 St Aubin : un voyage au c\u0153ur de la Bourgogne<\/a><\/li>\n<li><a class=\"wp-block-latest-posts__post-title\" href=\"https:\/\/www.moulincozanne.com\/fr\/le-festival-des-nuits-du-mont-rome\/\">Le festival des nuits du Mont Rome<\/a><\/li>\n<li><a class=\"wp-block-latest-posts__post-title\" href=\"https:\/\/www.moulincozanne.com\/fr\/votre-itineraire-parfait-en-bourgogne-acces-facile-aux-vignobles-depuis-beaune-et-chagny\/\">Votre itin\u00e9raire parfait en Bourgogne : Acc\u00e8s facile aux vignobles depuis Beaune et Chagny<\/a><\/li>\n<li><a class=\"wp-block-latest-posts__post-title\" href=\"https:\/\/www.moulincozanne.com\/fr\/une-promenade-au-bout-du-monde\/\">Une promenade au bout du monde<\/a><\/li>\n<li><a class=\"wp-block-latest-posts__post-title\" href=\"https:\/\/www.moulincozanne.com\/fr\/trek-sur-le-chemin-de-la-jmb\/\">Trek sur le chemin de la jmb<\/a><\/li>\n<\/ul>\n\n\n<p><code><\/code><\/p>\n\n\n\n<p><code><\/code><\/p>\n\n\n\n<p><code><\/code><\/p>\n\n\n\n<p><code><strong>[WPBM Error]<\/strong> File does not contain events <\/code><\/p>\n\n\n\n<p><code><strong>[WPBM Error]<\/strong> File does not contain events <\/code><\/p>\n","protected":false},"excerpt":{"rendered":"","protected":false},"author":1,"featured_media":0,"parent":0,"menu_order":0,"comment_status":"closed","ping_status":"closed","template":"","meta":{"footnotes":""},"class_list":["post-40629","page","type-page","status-publish","hentry"],"_links":{"self":[{"href":"https:\/\/www.moulincozanne.com\/fr\/wp-json\/wp\/v2\/pages\/40629","targetHints":{"allow":["GET"]}}],"collection":[{"href":"https:\/\/www.moulincozanne.com\/fr\/wp-json\/wp\/v2\/pages"}],"about":[{"href":"https:\/\/www.moulincozanne.com\/fr\/wp-json\/wp\/v2\/types\/page"}],"author":[{"embeddable":true,"href":"https:\/\/www.moulincozanne.com\/fr\/wp-json\/wp\/v2\/users\/1"}],"replies":[{"embeddable":true,"href":"https:\/\/www.moulincozanne.com\/fr\/wp-json\/wp\/v2\/comments?post=40629"}],"version-history":[{"count":6,"href":"https:\/\/www.moulincozanne.com\/fr\/wp-json\/wp\/v2\/pages\/40629\/revisions"}],"predecessor-version":[{"id":41054,"href":"https:\/\/www.moulincozanne.com\/fr\/wp-json\/wp\/v2\/pages\/40629\/revisions\/41054"}],"wp:attachment":[{"href":"https:\/\/www.moulincozanne.com\/fr\/wp-json\/wp\/v2\/media?parent=40629"}],"curies":[{"name":"wp","href":"https:\/\/api.w.org\/{rel}","templated":true}]}}